{"id":186,"date":"2020-05-07T11:08:52","date_gmt":"2020-05-07T16:08:52","guid":{"rendered":"https:\/\/intergas.com.co\/?page_id=186"},"modified":"2024-02-19T18:44:02","modified_gmt":"2024-02-19T23:44:02","slug":"productos-y-servicios","status":"publish","type":"page","link":"https:\/\/intergas.com.co\/index.php\/productos-y-servicios\/","title":{"rendered":"Productos y Servicios"},"content":{"rendered":"<p>[et_pb_section fb_built=\u00bb1&#8243; next_background_color=\u00bb#edeff4&#8243; admin_label=\u00bbHero\u00bb _builder_version=\u00bb4.4.5&#8243; use_background_color_gradient=\u00bbon\u00bb background_color_gradient_start=\u00bb#283d4b\u00bb background_color_gradient_end=\u00bbrgba(128,103,79,0.5)\u00bb background_color_gradient_direction=\u00bb70deg\u00bb background_color_gradient_overlays_image=\u00bbon\u00bb background_image=\u00bbhttps:\/\/intergas.com.co\/wp-content\/uploads\/2020\/03\/4-1.jpg\u00bb custom_margin=\u00bb||3%|\u00bb custom_padding=\u00bb6vw|||\u00bb bottom_divider_style=\u00bbmountains2&#8243; bottom_divider_height=\u00bb20vw\u00bb bottom_divider_repeat=\u00bb0.5x\u00bb bottom_divider_flip=\u00bbhorizontal|vertical\u00bb global_colors_info=\u00bb{}\u00bb][et_pb_row column_structure=\u00bb1_2,1_2&#8243; _builder_version=\u00bb3.25&#8243; custom_margin=\u00bb|||\u00bb custom_padding=\u00bb27px|0px|0|0px|false|false\u00bb global_colors_info=\u00bb{}\u00bb][et_pb_column type=\u00bb1_2&#8243; _builder_version=\u00bb3.25&#8243; custom_padding=\u00bb|||\u00bb global_colors_info=\u00bb{}\u00bb custom_padding__hover=\u00bb|||\u00bb][et_pb_text _builder_version=\u00bb4.4.3&#8243; text_font=\u00bb||||||||\u00bb text_font_size=\u00bb12px\u00bb header_font=\u00bbJosefin Sans|700|||||||\u00bb header_font_size=\u00bb64px\u00bb header_line_height=\u00bb1.4em\u00bb header_2_font=\u00bbJosefin Sans||||||||\u00bb header_2_text_color=\u00bbrgba(255,255,255,0.6)\u00bb header_2_font_size=\u00bb32px\u00bb header_2_line_height=\u00bb1.4em\u00bb background_layout=\u00bbdark\u00bb animation_style=\u00bbslide\u00bb animation_direction=\u00bbright\u00bb animation_intensity_slide=\u00bb4%\u00bb header_font_size_tablet=\u00bb50px\u00bb header_font_size_phone=\u00bb32px\u00bb header_font_size_last_edited=\u00bbon|desktop\u00bb header_2_font_size_tablet=\u00bb\u00bb header_2_font_size_phone=\u00bb24px\u00bb header_2_font_size_last_edited=\u00bbon|phone\u00bb global_colors_info=\u00bb{}\u00bb]<\/p>\n<h1>Productos y Servicios<\/h1>\n<p>[\/et_pb_text][\/et_pb_column][et_pb_column type=\u00bb1_2&#8243; _builder_version=\u00bb3.25&#8243; custom_padding=\u00bb|||\u00bb global_colors_info=\u00bb{}\u00bb custom_padding__hover=\u00bb|||\u00bb][\/et_pb_column][\/et_pb_row][et_pb_row use_custom_gutter=\u00bbon\u00bb gutter_width=\u00bb1&#8243; disabled_on=\u00bbon|off|off\u00bb module_class=\u00bb et_pb_row_fullwidth\u00bb _builder_version=\u00bb3.25&#8243; width=\u00bb100%\u00bb width_tablet=\u00bb100%\u00bb width_phone=\u00bb\u00bb width_last_edited=\u00bbon|desktop\u00bb max_width=\u00bb100%\u00bb max_width_tablet=\u00bb100%\u00bb max_width_phone=\u00bb\u00bb max_width_last_edited=\u00bbon|desktop\u00bb make_fullwidth=\u00bbon\u00bb locked=\u00bboff\u00bb global_colors_info=\u00bb{}\u00bb][et_pb_column type=\u00bb4_4&#8243; _builder_version=\u00bb3.25&#8243; custom_padding=\u00bb|||\u00bb global_colors_info=\u00bb{}\u00bb custom_padding__hover=\u00bb|||\u00bb][et_pb_text _builder_version=\u00bb4.4.5&#8243; text_font=\u00bbJosefin Sans|700||on|||||\u00bb text_text_color=\u00bbrgba(255,255,255,0.2)\u00bb text_font_size=\u00bb15vw\u00bb text_line_height=\u00bb1em\u00bb quote_font=\u00bb||||||||\u00bb header_font=\u00bb||||||||\u00bb custom_margin=\u00bb||-0.4em|\u00bb custom_padding=\u00bb|||\u00bb filter_blur=\u00bb7px\u00bb animation_style=\u00bbslide\u00bb animation_direction=\u00bbright\u00bb animation_duration=\u00bb10000ms\u00bb animation_intensity_slide=\u00bb10%\u00bb animation_starting_opacity=\u00bb40%\u00bb animation_speed_curve=\u00bblinear\u00bb text_font_size_tablet=\u00bb124px\u00bb text_font_size_phone=\u00bb90px\u00bb text_font_size_last_edited=\u00bboff|desktop\u00bb global_colors_info=\u00bb{}\u00bb]<\/p>\n<p>INTERGAS<\/p>\n<p>[\/et_pb_text][\/et_pb_column][\/et_pb_row][\/et_pb_section][et_pb_section fb_built=\u00bb1&#8243; custom_padding_last_edited=\u00bboff|desktop\u00bb prev_background_color=\u00bb#ffffff\u00bb next_background_color=\u00bb#ffffff\u00bb admin_label=\u00bbService\u00bb _builder_version=\u00bb4.4.3&#8243; background_color=\u00bb#edeff4&#8243; custom_padding=\u00bb|||\u00bb top_divider_style=\u00bbmountains2&#8243; bottom_divider_style=\u00bbasymmetric2&#8243; global_colors_info=\u00bb{}\u00bb][et_pb_row _builder_version=\u00bb3.25&#8243; global_colors_info=\u00bb{}\u00bb][et_pb_column type=\u00bb4_4&#8243; _builder_version=\u00bb3.25&#8243; custom_padding=\u00bb|||\u00bb global_colors_info=\u00bb{}\u00bb custom_padding__hover=\u00bb|||\u00bb][et_pb_text _builder_version=\u00bb4.4.3&#8243; text_font=\u00bbOpen Sans||||||||\u00bb text_font_size=\u00bb18px\u00bb text_line_height=\u00bb1.8em\u00bb header_font=\u00bb||||||||\u00bb header_2_font=\u00bbJosefin Sans|700|||||||\u00bb header_2_text_align=\u00bbcenter\u00bb header_2_font_size=\u00bb22px\u00bb header_2_line_height=\u00bb1.4em\u00bb header_3_font=\u00bb|||on|||||\u00bb header_3_text_color=\u00bbrgba(43,51,68,0.2)\u00bb text_orientation=\u00bbjustified\u00bb custom_margin=\u00bb|||\u00bb custom_padding=\u00bb|||\u00bb header_2_font_size_phone=\u00bb20px\u00bb header_2_font_size_last_edited=\u00bboff|desktop\u00bb header_2_line_height_tablet=\u00bb1.4em\u00bb header_2_line_height_last_edited=\u00bboff|desktop\u00bb locked=\u00bboff\u00bb global_colors_info=\u00bb{}\u00bb]<\/p>\n<h2>Productos y servicios ofrecidos conforme lo dispone la\u00a0 resoluci\u00f3n CREG No. 080 del 05 de julio de 2019<\/h2>\n<p><strong>INTERMUNICIPAL DE GAS S.A. ESP<\/strong>.\u00a0 En cumplimiento de la resoluci\u00f3n indicada \u00abpor la cual se establecen reglas generales de comportamiento de mercado para los agentes que desarrollen actividades de los servicios p\u00fablicos domiciliarios de energ\u00eda el\u00e9ctrica y gas combustible\u00bb.<\/p>\n<p>Pone en conocimiento de las Autoridades de Vigilancia y Control y al p\u00fablico en general que mediante la interacci\u00f3n de los Comit\u00e9s de Gesti\u00f3n de Calidad y la administraci\u00f3n, despu\u00e9s de analizar detenidamente los objetivos de la resoluci\u00f3n en menci\u00f3n, defini\u00f3 en el presente documento\u00a0 los siguientes bienes y servicios:<\/p>\n<p>[\/et_pb_text][\/et_pb_column][\/et_pb_row][et_pb_row column_structure=\u00bb3_5,2_5&#8243; _builder_version=\u00bb4.4.3&#8243; global_colors_info=\u00bb{}\u00bb][et_pb_column type=\u00bb3_5&#8243; _builder_version=\u00bb4.4.3&#8243; global_colors_info=\u00bb{}\u00bb][et_pb_blurb title=\u00bbBienes esenciales empleados por la organizaci\u00f3n y prestaci\u00f3n de los servicios. \u00bb use_icon=\u00bbon\u00bb font_icon=\u00bb%%202%%\u00bb icon_color=\u00bb#546180&#8243; icon_placement=\u00bbleft\u00bb use_icon_font_size=\u00bbon\u00bb icon_font_size=\u00bb30px\u00bb _builder_version=\u00bb4.4.3&#8243; header_font=\u00bbJosefin Sans||on||||||\u00bb header_line_height=\u00bb1.9em\u00bb custom_margin=\u00bb||0px|\u00bb animation_style=\u00bbslide\u00bb animation_direction=\u00bbright\u00bb animation_intensity_slide=\u00bb4%\u00bb animation=\u00bboff\u00bb locked=\u00bboff\u00bb global_colors_info=\u00bb{}\u00bb][\/et_pb_blurb][et_pb_toggle title=\u00bbM\u00e1s informaci\u00f3n\u00bb open_toggle_background_color=\u00bbrgba(0,0,0,0)\u00bb closed_toggle_background_color=\u00bbrgba(0,0,0,0)\u00bb icon_color=\u00bbrgba(0,0,0,0.12)\u00bb _builder_version=\u00bb4.4.5&#8243; title_font=\u00bbJosefin Sans||||||||\u00bb title_text_align=\u00bbright\u00bb title_font_size=\u00bb14px\u00bb body_font=\u00bb||||||||\u00bb body_line_height=\u00bb2em\u00bb custom_margin=\u00bb||36px|48px\u00bb custom_padding=\u00bb0px|0px|6px|0px||\u00bb animation_style=\u00bbslide\u00bb animation_direction=\u00bbright\u00bb animation_intensity_slide=\u00bb4%\u00bb border_width_all=\u00bb0px\u00bb border_width_bottom=\u00bb2px\u00bb border_color_bottom=\u00bbrgba(0,0,0,0.12)\u00bb global_colors_info=\u00bb{}\u00bb]<\/p>\n<p>Presentaci\u00f3n de los servicios: En atenci\u00f3n del art\u00edculo 3.1 de la resoluc\u00f3n CREG 080 del 5 de julio de 2019, <strong>INTERGAS S.A. ESP<\/strong>. presta los servicios de Distribuci\u00f3n y Comerzalizaci\u00f3n Minorista de Gas Licuado del Petroleo &#8211; GLP bajo las modalidades de:<\/p>\n<p>I)\u00a0 Envasado en cilindros de 20, 33, 40 y 100 Libras.<\/p>\n<h1>\u00a0<\/h1>\n<p>[\/et_pb_toggle][et_pb_blurb title=\u00bbEn consecuencia, ha definido como Bienes Esenciales para la prestaci\u00f3n de los servicios indicados en el p\u00e1rrafo anterior los siguientes:\u00bb use_icon=\u00bbon\u00bb font_icon=\u00bb%%202%%\u00bb icon_color=\u00bb#546180&#8243; icon_placement=\u00bbleft\u00bb use_icon_font_size=\u00bbon\u00bb icon_font_size=\u00bb30px\u00bb _builder_version=\u00bb4.4.3&#8243; header_font=\u00bbJosefin Sans||on||||||\u00bb header_line_height=\u00bb1.9em\u00bb custom_margin=\u00bb||0px|\u00bb animation_style=\u00bbslide\u00bb animation_direction=\u00bbright\u00bb animation_intensity_slide=\u00bb4%\u00bb animation=\u00bboff\u00bb locked=\u00bboff\u00bb global_colors_info=\u00bb{}\u00bb][\/et_pb_blurb][et_pb_toggle title=\u00bbM\u00e1s informaci\u00f3n\u00bb open_toggle_background_color=\u00bbrgba(0,0,0,0)\u00bb closed_toggle_background_color=\u00bbrgba(0,0,0,0)\u00bb icon_color=\u00bbrgba(0,0,0,0.12)\u00bb _builder_version=\u00bb4.4.5&#8243; title_font=\u00bbJosefin Sans||||||||\u00bb title_text_align=\u00bbright\u00bb title_font_size=\u00bb14px\u00bb body_font=\u00bb||||||||\u00bb body_text_align=\u00bbjustify\u00bb body_line_height=\u00bb2em\u00bb custom_margin=\u00bb||36px|48px\u00bb custom_padding=\u00bb0px|0px|6px|0px||\u00bb animation_style=\u00bbslide\u00bb animation_direction=\u00bbright\u00bb animation_intensity_slide=\u00bb4%\u00bb border_width_all=\u00bb0px\u00bb border_width_bottom=\u00bb2px\u00bb border_color_bottom=\u00bbrgba(0,0,0,0.12)\u00bb global_colors_info=\u00bb{}\u00bb]<\/p>\n<p>\u00a0&#8211;\u00a0\u00a0\u00a0\u00a0\u00a0\u00a0 Los Cilindros que son marcados, con la marca <i>INTERMESA<\/i>\u00a0de propiedad de la empresa y sobre los que le ha entregado al usuario en calidad de pr\u00e9stamo, amparado en un contrato de dep\u00f3sito\u00a0 y que se encuentran censados con procedimientos de trazabilidad y controlados en el SUI.<\/p>\n<p>&#8211;\u00a0\u00a0\u00a0\u00a0\u00a0\u00a0 La Planta de Envasado, la cual se encuentra certificada frente a la SGS ISO 9001, requisito complementario para poder operar y envasar, pero adem\u00e1s para recibir GLP en las condiciones que exige el reglamento para este tipo de operaciones.<\/p>\n<p>&#8211;\u00a0\u00a0\u00a0\u00a0\u00a0\u00a0 Flota de Transporte: La empresa cuenta con cisternas para transportar el GLP desde las fuentes oficiales o de operadores mayoristas autorizados, y debidamente certificados por un ente avalado por la SGS y camiones repartidores donde se hace la entrega de cilindros al usuario final.<\/p>\n<p>&#8211;\u00a0\u00a0\u00a0\u00a0\u00a0\u00a0 La materia prima denominada Gas L\u00edquido Propano o Gas Licuado del Petr\u00f3leo, bajo la sigla GLP es el elemento esencial sin el cual la empresa no existir\u00eda. El producto GLP regulado es aquel que produce o importa Ecopetrol; sin embargo ante la baja oferta de esa entidad, la empresa privada ha tenido que importarlo con un efecto negativo para las empresas comercializadoras como es el alto costo del d\u00f3lar y los agentes que intervienen en la operaci\u00f3n.<\/p>\n<p>&#8211;\u00a0\u00a0\u00a0\u00a0\u00a0\u00a0 Referente a los bienes intangibles considerados en este art\u00edculo<strong> INTERMUNICIPAL DE GAS S.A. ESP.<\/strong> ha sido reconocida como una empresa confiable para sus usuarios en la prestaci\u00f3n del servicio p\u00fablico de GLP, dado que desde su fundaci\u00f3n (desde hace m\u00e1s de\u00a0 30 a\u00f1os), siempre ha atendido a sus clientes con la entrega de GLP y ha atendido sus PQR, lo cual ha creado un buen nombre en todos los municipios donde tiene presencia.<\/p>\n<p>&nbsp;<\/p>\n<p>[\/et_pb_toggle][\/et_pb_column][et_pb_column type=\u00bb2_5&#8243; _builder_version=\u00bb4.4.3&#8243; global_colors_info=\u00bb{}\u00bb][et_pb_image src=\u00bbhttps:\/\/intergas.com.co\/wp-content\/uploads\/2020\/03\/images.jpg\u00bb force_fullwidth=\u00bbon\u00bb _builder_version=\u00bb4.4.3&#8243; global_colors_info=\u00bb{}\u00bb][\/et_pb_image][\/et_pb_column][\/et_pb_row][\/et_pb_section][et_pb_section fb_built=\u00bb1&#8243; _builder_version=\u00bb4.3.4&#8243; custom_margin=\u00bb||85px|||\u00bb global_colors_info=\u00bb{}\u00bb][et_pb_row column_structure=\u00bb1_3,1_3,1_3&#8243; _builder_version=\u00bb4.3.4&#8243; custom_margin=\u00bb|127px|||false|false\u00bb custom_padding=\u00bb0|0px|0|0px|false|false\u00bb global_colors_info=\u00bb{}\u00bb][et_pb_column type=\u00bb1_3&#8243; _builder_version=\u00bb3.25&#8243; custom_padding=\u00bb|||\u00bb global_colors_info=\u00bb{}\u00bb custom_padding__hover=\u00bb|||\u00bb][\/et_pb_column][et_pb_column type=\u00bb1_3&#8243; _builder_version=\u00bb3.25&#8243; custom_padding=\u00bb|||\u00bb global_colors_info=\u00bb{}\u00bb custom_padding__hover=\u00bb|||\u00bb][\/et_pb_column][et_pb_column type=\u00bb1_3&#8243; _builder_version=\u00bb3.25&#8243; custom_padding=\u00bb|||\u00bb global_colors_info=\u00bb{}\u00bb custom_padding__hover=\u00bb|||\u00bb][et_pb_image src=\u00bbhttps:\/\/intergas.com.co\/wp-content\/uploads\/2024\/02\/superservicios.png\u00bb align=\u00bbright\u00bb align_tablet=\u00bbcenter\u00bb align_phone=\u00bb\u00bb align_last_edited=\u00bbon|desktop\u00bb disabled_on=\u00bbon|on|off\u00bb _builder_version=\u00bb4.11.0&#8243; custom_margin=\u00bb|1px|||false|false\u00bb hover_enabled=\u00bb0&#8243; global_colors_info=\u00bb{}\u00bb title_text=\u00bbsuperservicios\u00bb sticky_enabled=\u00bb0&#8243;][\/et_pb_image][\/et_pb_column][\/et_pb_row][\/et_pb_section][et_pb_section fb_built=\u00bb1&#8243; admin_label=\u00bbFooter\u00bb _builder_version=\u00bb3.22&#8243; custom_padding=\u00bb0|0px|54px|0px|false|false\u00bb global_colors_info=\u00bb{}\u00bb][et_pb_row column_structure=\u00bb1_3,1_3,1_3&#8243; _builder_version=\u00bb3.25&#8243; custom_padding=\u00bb0|0px|27px|0px|false|false\u00bb global_colors_info=\u00bb{}\u00bb][et_pb_column type=\u00bb1_3&#8243; _builder_version=\u00bb3.25&#8243; custom_padding=\u00bb|||\u00bb global_colors_info=\u00bb{}\u00bb custom_padding__hover=\u00bb|||\u00bb][et_pb_blurb title=\u00bbOFICINA PRINCIPAL\u00bb use_icon=\u00bbon\u00bb font_icon=\u00bb%%236%%\u00bb icon_color=\u00bb#e02b20&#8243; use_icon_font_size=\u00bbon\u00bb icon_font_size=\u00bb32px\u00bb _builder_version=\u00bb4.0.6&#8243; header_font=\u00bbJosefin Sans|700||on|||||\u00bb header_text_align=\u00bbcenter\u00bb body_font=\u00bbOpen Sans||||||||\u00bb body_text_align=\u00bbcenter\u00bb body_font_size=\u00bb18px\u00bb global_colors_info=\u00bb{}\u00bb]<\/p>\n<p><span>Dir.: Cra 10 Calle 5 Esquina,<\/span><br \/> <span>La Mesa, Cund.<\/span><\/p>\n<p>[\/et_pb_blurb][\/et_pb_column][et_pb_column type=\u00bb1_3&#8243; _builder_version=\u00bb3.25&#8243; custom_padding=\u00bb|||\u00bb global_colors_info=\u00bb{}\u00bb custom_padding__hover=\u00bb|||\u00bb][et_pb_blurb title=\u00bbTEL\u00c9FONO\u00bb use_icon=\u00bbon\u00bb font_icon=\u00bb%%264%%\u00bb icon_color=\u00bb#e02b20&#8243; use_icon_font_size=\u00bbon\u00bb icon_font_size=\u00bb32px\u00bb _builder_version=\u00bb4.0.6&#8243; header_font=\u00bbJosefin Sans|700||on|||||\u00bb header_text_align=\u00bbcenter\u00bb body_font=\u00bbOpen Sans||||||||\u00bb body_text_align=\u00bbcenter\u00bb body_font_size=\u00bb18px\u00bb animation_style=\u00bbfold\u00bb animation_direction=\u00bbleft\u00bb animation_delay=\u00bb200ms\u00bb animation_intensity_fold=\u00bb20%\u00bb global_colors_info=\u00bb{}\u00bb]<\/p>\n<p>(1) 847 2844 &#8211; 45 &#8211; (+57) 3107864013<\/p>\n<p>[\/et_pb_blurb][\/et_pb_column][et_pb_column type=\u00bb1_3&#8243; _builder_version=\u00bb3.25&#8243; custom_padding=\u00bb|||\u00bb global_colors_info=\u00bb{}\u00bb custom_padding__hover=\u00bb|||\u00bb][et_pb_blurb title=\u00bbEMAIL\u00bb use_icon=\u00bbon\u00bb font_icon=\u00bb%%238%%\u00bb icon_color=\u00bb#e02b20&#8243; use_icon_font_size=\u00bbon\u00bb icon_font_size=\u00bb32px\u00bb _builder_version=\u00bb4.0.6&#8243; header_font=\u00bbJosefin Sans|700||on|||||\u00bb header_text_align=\u00bbcenter\u00bb body_font=\u00bbOpen Sans||||||||\u00bb body_text_align=\u00bbcenter\u00bb body_font_size=\u00bb18px\u00bb animation_style=\u00bbfold\u00bb animation_direction=\u00bbleft\u00bb animation_delay=\u00bb200ms\u00bb animation_intensity_fold=\u00bb20%\u00bb global_colors_info=\u00bb{}\u00bb]<\/p>\n<p>intergas@intergas.com.co<\/p>\n<p>[\/et_pb_blurb][\/et_pb_column][\/et_pb_row][\/et_pb_section]<\/p>\n","protected":false},"excerpt":{"rendered":"<p>Productos y ServiciosINTERGASProductos y servicios ofrecidos conforme lo dispone la\u00a0 resoluci\u00f3n CREG No. 080 del 05 de julio de 2019 INTERMUNICIPAL DE GAS S.A. ESP.\u00a0 En cumplimiento de la resoluci\u00f3n indicada \u00abpor la cual se establecen reglas generales de comportamiento de mercado para los agentes que desarrollen actividades de los servicios p\u00fablicos domiciliarios de energ\u00eda [&hellip;]<\/p>\n","protected":false},"author":1,"featured_media":0,"parent":0,"menu_order":0,"comment_status":"closed","ping_status":"closed","template":"","meta":{"_et_pb_use_builder":"on","_et_pb_old_content":"<!-- wp:divi\/placeholder \/-->","_et_gb_content_width":"","footnotes":""},"class_list":["post-186","page","type-page","status-publish","hentry"],"yoast_head":"<!-- This site is optimized with the Yoast SEO plugin v27.4 - https:\/\/yoast.com\/product\/yoast-seo-wordpress\/ -->\n<title>Productos y Servicios - INTERGAS S.A ESP<\/title>\n<meta name=\"robots\" content=\"index, follow, max-snippet:-1, max-image-preview:large, max-video-preview:-1\" \/>\n<link rel=\"canonical\" href=\"https:\/\/intergas.com.co\/index.php\/productos-y-servicios\/\" \/>\n<meta property=\"og:locale\" content=\"es_ES\" \/>\n<meta property=\"og:type\" content=\"article\" \/>\n<meta property=\"og:title\" content=\"Productos y Servicios - INTERGAS S.A ESP\" \/>\n<meta property=\"og:description\" content=\"Productos y ServiciosINTERGASProductos y servicios ofrecidos conforme lo dispone la\u00a0 resoluci\u00f3n CREG No. 080 del 05 de julio de 2019 INTERMUNICIPAL DE GAS S.A. ESP.\u00a0 En cumplimiento de la resoluci\u00f3n indicada &quot;por la cual se establecen reglas generales de comportamiento de mercado para los agentes que desarrollen actividades de los servicios p\u00fablicos domiciliarios de energ\u00eda [&hellip;]\" \/>\n<meta property=\"og:url\" content=\"https:\/\/intergas.com.co\/index.php\/productos-y-servicios\/\" \/>\n<meta property=\"og:site_name\" content=\"INTERGAS S.A ESP\" \/>\n<meta property=\"article:modified_time\" content=\"2024-02-19T23:44:02+00:00\" \/>\n<meta name=\"twitter:card\" content=\"summary_large_image\" \/>\n<meta name=\"twitter:label1\" content=\"Tiempo de lectura\" \/>\n\t<meta name=\"twitter:data1\" content=\"9 minutos\" \/>\n<script type=\"application\/ld+json\" class=\"yoast-schema-graph\">{\"@context\":\"https:\\\/\\\/schema.org\",\"@graph\":[{\"@type\":\"WebPage\",\"@id\":\"https:\\\/\\\/intergas.com.co\\\/index.php\\\/productos-y-servicios\\\/\",\"url\":\"https:\\\/\\\/intergas.com.co\\\/index.php\\\/productos-y-servicios\\\/\",\"name\":\"Productos y Servicios - INTERGAS S.A ESP\",\"isPartOf\":{\"@id\":\"https:\\\/\\\/intergas.com.co\\\/#website\"},\"datePublished\":\"2020-05-07T16:08:52+00:00\",\"dateModified\":\"2024-02-19T23:44:02+00:00\",\"breadcrumb\":{\"@id\":\"https:\\\/\\\/intergas.com.co\\\/index.php\\\/productos-y-servicios\\\/#breadcrumb\"},\"inLanguage\":\"es\",\"potentialAction\":[{\"@type\":\"ReadAction\",\"target\":[\"https:\\\/\\\/intergas.com.co\\\/index.php\\\/productos-y-servicios\\\/\"]}]},{\"@type\":\"BreadcrumbList\",\"@id\":\"https:\\\/\\\/intergas.com.co\\\/index.php\\\/productos-y-servicios\\\/#breadcrumb\",\"itemListElement\":[{\"@type\":\"ListItem\",\"position\":1,\"name\":\"Portada\",\"item\":\"https:\\\/\\\/intergas.com.co\\\/\"},{\"@type\":\"ListItem\",\"position\":2,\"name\":\"Productos y Servicios\"}]},{\"@type\":\"WebSite\",\"@id\":\"https:\\\/\\\/intergas.com.co\\\/#website\",\"url\":\"https:\\\/\\\/intergas.com.co\\\/\",\"name\":\"INTERGAS S.A ESP\",\"description\":\"Comercializaci\u00f3n y distribuci\u00f3n de  \u201cGas Propano\u201d GLP Gas Licuado del Petr\u00f3leo\",\"potentialAction\":[{\"@type\":\"SearchAction\",\"target\":{\"@type\":\"EntryPoint\",\"urlTemplate\":\"https:\\\/\\\/intergas.com.co\\\/?s={search_term_string}\"},\"query-input\":{\"@type\":\"PropertyValueSpecification\",\"valueRequired\":true,\"valueName\":\"search_term_string\"}}],\"inLanguage\":\"es\"}]}<\/script>\n<!-- \/ Yoast SEO plugin. -->","yoast_head_json":{"title":"Productos y Servicios - INTERGAS S.A ESP","robots":{"index":"index","follow":"follow","max-snippet":"max-snippet:-1","max-image-preview":"max-image-preview:large","max-video-preview":"max-video-preview:-1"},"canonical":"https:\/\/intergas.com.co\/index.php\/productos-y-servicios\/","og_locale":"es_ES","og_type":"article","og_title":"Productos y Servicios - INTERGAS S.A ESP","og_description":"Productos y ServiciosINTERGASProductos y servicios ofrecidos conforme lo dispone la\u00a0 resoluci\u00f3n CREG No. 080 del 05 de julio de 2019 INTERMUNICIPAL DE GAS S.A. ESP.\u00a0 En cumplimiento de la resoluci\u00f3n indicada \"por la cual se establecen reglas generales de comportamiento de mercado para los agentes que desarrollen actividades de los servicios p\u00fablicos domiciliarios de energ\u00eda [&hellip;]","og_url":"https:\/\/intergas.com.co\/index.php\/productos-y-servicios\/","og_site_name":"INTERGAS S.A ESP","article_modified_time":"2024-02-19T23:44:02+00:00","twitter_card":"summary_large_image","twitter_misc":{"Tiempo de lectura":"9 minutos"},"schema":{"@context":"https:\/\/schema.org","@graph":[{"@type":"WebPage","@id":"https:\/\/intergas.com.co\/index.php\/productos-y-servicios\/","url":"https:\/\/intergas.com.co\/index.php\/productos-y-servicios\/","name":"Productos y Servicios - INTERGAS S.A ESP","isPartOf":{"@id":"https:\/\/intergas.com.co\/#website"},"datePublished":"2020-05-07T16:08:52+00:00","dateModified":"2024-02-19T23:44:02+00:00","breadcrumb":{"@id":"https:\/\/intergas.com.co\/index.php\/productos-y-servicios\/#breadcrumb"},"inLanguage":"es","potentialAction":[{"@type":"ReadAction","target":["https:\/\/intergas.com.co\/index.php\/productos-y-servicios\/"]}]},{"@type":"BreadcrumbList","@id":"https:\/\/intergas.com.co\/index.php\/productos-y-servicios\/#breadcrumb","itemListElement":[{"@type":"ListItem","position":1,"name":"Portada","item":"https:\/\/intergas.com.co\/"},{"@type":"ListItem","position":2,"name":"Productos y Servicios"}]},{"@type":"WebSite","@id":"https:\/\/intergas.com.co\/#website","url":"https:\/\/intergas.com.co\/","name":"INTERGAS S.A ESP","description":"Comercializaci\u00f3n y distribuci\u00f3n de  \u201cGas Propano\u201d GLP Gas Licuado del Petr\u00f3leo","potentialAction":[{"@type":"SearchAction","target":{"@type":"EntryPoint","urlTemplate":"https:\/\/intergas.com.co\/?s={search_term_string}"},"query-input":{"@type":"PropertyValueSpecification","valueRequired":true,"valueName":"search_term_string"}}],"inLanguage":"es"}]}},"_links":{"self":[{"href":"https:\/\/intergas.com.co\/index.php\/wp-json\/wp\/v2\/pages\/186"}],"collection":[{"href":"https:\/\/intergas.com.co\/index.php\/wp-json\/wp\/v2\/pages"}],"about":[{"href":"https:\/\/intergas.com.co\/index.php\/wp-json\/wp\/v2\/types\/page"}],"author":[{"embeddable":true,"href":"https:\/\/intergas.com.co\/index.php\/wp-json\/wp\/v2\/users\/1"}],"replies":[{"embeddable":true,"href":"https:\/\/intergas.com.co\/index.php\/wp-json\/wp\/v2\/comments?post=186"}],"version-history":[{"count":6,"href":"https:\/\/intergas.com.co\/index.php\/wp-json\/wp\/v2\/pages\/186\/revisions"}],"predecessor-version":[{"id":281,"href":"https:\/\/intergas.com.co\/index.php\/wp-json\/wp\/v2\/pages\/186\/revisions\/281"}],"wp:attachment":[{"href":"https:\/\/intergas.com.co\/index.php\/wp-json\/wp\/v2\/media?parent=186"}],"curies":[{"name":"wp","href":"https:\/\/api.w.org\/{rel}","templated":true}]}}