{"id":188,"date":"2020-05-07T11:09:20","date_gmt":"2020-05-07T16:09:20","guid":{"rendered":"https:\/\/intergas.com.co\/?page_id=188"},"modified":"2024-02-19T18:45:04","modified_gmt":"2024-02-19T23:45:04","slug":"derechos-y-deberes-de-nuestros-usuarios","status":"publish","type":"page","link":"https:\/\/intergas.com.co\/index.php\/derechos-y-deberes-de-nuestros-usuarios\/","title":{"rendered":"Derechos y Deberes de nuestros usuarios"},"content":{"rendered":"<p>[et_pb_section fb_built=\u00bb1&#8243; next_background_color=\u00bb#ffffff\u00bb admin_label=\u00bbHero\u00bb _builder_version=\u00bb4.4.5&#8243; use_background_color_gradient=\u00bbon\u00bb background_color_gradient_start=\u00bb#283d4b\u00bb background_color_gradient_end=\u00bbrgba(128,103,79,0.5)\u00bb background_color_gradient_direction=\u00bb70deg\u00bb background_color_gradient_overlays_image=\u00bbon\u00bb background_image=\u00bbhttps:\/\/intergas.com.co\/wp-content\/uploads\/2020\/03\/4.jpg\u00bb custom_margin=\u00bb||3%|\u00bb custom_padding=\u00bb6vw|||\u00bb bottom_divider_style=\u00bbmountains2&#8243; bottom_divider_height=\u00bb20vw\u00bb bottom_divider_repeat=\u00bb0.5x\u00bb bottom_divider_flip=\u00bbhorizontal|vertical\u00bb global_colors_info=\u00bb{}\u00bb][et_pb_row column_structure=\u00bb1_2,1_2&#8243; _builder_version=\u00bb3.25&#8243; custom_margin=\u00bb|||\u00bb custom_padding=\u00bb27px|0px|0|0px|false|false\u00bb global_colors_info=\u00bb{}\u00bb][et_pb_column type=\u00bb1_2&#8243; _builder_version=\u00bb3.25&#8243; custom_padding=\u00bb|||\u00bb global_colors_info=\u00bb{}\u00bb custom_padding__hover=\u00bb|||\u00bb][et_pb_text _builder_version=\u00bb4.4.3&#8243; text_font=\u00bb||||||||\u00bb text_font_size=\u00bb12px\u00bb header_font=\u00bbJosefin Sans|700|||||||\u00bb header_font_size=\u00bb44px\u00bb header_line_height=\u00bb1.4em\u00bb header_2_font=\u00bbJosefin Sans||||||||\u00bb header_2_text_color=\u00bbrgba(255,255,255,0.6)\u00bb header_2_font_size=\u00bb32px\u00bb header_2_line_height=\u00bb1.4em\u00bb background_layout=\u00bbdark\u00bb animation_style=\u00bbslide\u00bb animation_direction=\u00bbright\u00bb animation_intensity_slide=\u00bb4%\u00bb header_font_size_tablet=\u00bb50px\u00bb header_font_size_phone=\u00bb32px\u00bb header_font_size_last_edited=\u00bbon|desktop\u00bb header_2_font_size_tablet=\u00bb\u00bb header_2_font_size_phone=\u00bb24px\u00bb header_2_font_size_last_edited=\u00bbon|phone\u00bb global_colors_info=\u00bb{}\u00bb]<\/p>\n<h1>Derechos y Deberes de los Usuarios<\/h1>\n<p>[\/et_pb_text][\/et_pb_column][et_pb_column type=\u00bb1_2&#8243; _builder_version=\u00bb3.25&#8243; custom_padding=\u00bb|||\u00bb global_colors_info=\u00bb{}\u00bb custom_padding__hover=\u00bb|||\u00bb][\/et_pb_column][\/et_pb_row][et_pb_row use_custom_gutter=\u00bbon\u00bb gutter_width=\u00bb1&#8243; disabled_on=\u00bbon|off|off\u00bb module_class=\u00bb et_pb_row_fullwidth\u00bb _builder_version=\u00bb3.25&#8243; width=\u00bb100%\u00bb width_tablet=\u00bb100%\u00bb width_phone=\u00bb\u00bb width_last_edited=\u00bbon|desktop\u00bb max_width=\u00bb100%\u00bb max_width_tablet=\u00bb100%\u00bb max_width_phone=\u00bb\u00bb max_width_last_edited=\u00bbon|desktop\u00bb make_fullwidth=\u00bbon\u00bb locked=\u00bboff\u00bb global_colors_info=\u00bb{}\u00bb][et_pb_column type=\u00bb4_4&#8243; _builder_version=\u00bb3.25&#8243; custom_padding=\u00bb|||\u00bb global_colors_info=\u00bb{}\u00bb custom_padding__hover=\u00bb|||\u00bb][et_pb_text _builder_version=\u00bb4.4.5&#8243; text_font=\u00bbJosefin Sans|700||on|||||\u00bb text_text_color=\u00bbrgba(255,255,255,0.2)\u00bb text_font_size=\u00bb15vw\u00bb text_line_height=\u00bb1em\u00bb quote_font=\u00bb||||||||\u00bb header_font=\u00bb||||||||\u00bb custom_margin=\u00bb||-0.4em|\u00bb custom_padding=\u00bb|||\u00bb filter_blur=\u00bb7px\u00bb animation_style=\u00bbslide\u00bb animation_direction=\u00bbright\u00bb animation_duration=\u00bb10000ms\u00bb animation_intensity_slide=\u00bb10%\u00bb animation_starting_opacity=\u00bb40%\u00bb animation_speed_curve=\u00bblinear\u00bb text_font_size_tablet=\u00bb124px\u00bb text_font_size_phone=\u00bb90px\u00bb text_font_size_last_edited=\u00bboff|desktop\u00bb global_colors_info=\u00bb{}\u00bb]<\/p>\n<p>INTERGAS<\/p>\n<p>[\/et_pb_text][\/et_pb_column][\/et_pb_row][\/et_pb_section][et_pb_section fb_built=\u00bb1&#8243; admin_label=\u00bbAbout Us\u00bb _builder_version=\u00bb3.22&#8243; custom_padding=\u00bb0px|||||\u00bb global_colors_info=\u00bb{}\u00bb][et_pb_row _builder_version=\u00bb4.4.3&#8243; global_colors_info=\u00bb{}\u00bb][et_pb_column type=\u00bb4_4&#8243; _builder_version=\u00bb4.4.3&#8243; global_colors_info=\u00bb{}\u00bb][et_pb_text _builder_version=\u00bb4.4.5&#8243; text_font=\u00bbOpen Sans||||||||\u00bb text_font_size=\u00bb18px\u00bb ul_text_align=\u00bbjustify\u00bb header_2_font=\u00bbJosefin Sans|700|||||||\u00bb header_2_font_size=\u00bb48px\u00bb global_colors_info=\u00bb{}\u00bb]<\/p>\n<h2>Derechos de los Usuarios<\/h2>\n<p>INTERMUNICIPAL DE GAS S.A. ESP. ratifica e incluye los derechos de los usuarios contenidos en la Ley 142 de 1.994 y adicional a estos reconoce para los mismos los siguientes, as\u00ed:<\/p>\n<p>&nbsp;<\/p>\n<ul>\n<li>Trato digno y respetuoso: Recibir por parte de nuestros trabajadores tanto operativos como administrativos un trato digno, cordial y respetuoso.<\/li>\n<li>Sujeci\u00f3n a la Constituci\u00f3n Pol\u00edtica y a la Ley: Aplicar de la norma diligente y honorablemente de acuerdo con los principios generales de r\u00e9gimen de servicios p\u00fablicos domiciliarios.<\/li>\n<li>Prestaci\u00f3n de los servicios directamente: la empresa INTERGAS S.A. ESP., presta los servicios de distribuci\u00f3n y comercializaci\u00f3n minorista de gas licuado del petr\u00f3leo \u2013 GLP, bajo las modalidades de: envasado en cilindros de\u00a0 20, 33, 40, y 100 libras, brindando las garant\u00edas legales respectivas.<\/li>\n<li>Buena fe: Actuar en la ejecuci\u00f3n de los contratos de servicios p\u00fablicos, con lealtad, rectitud, diligencia, honorabilidad y honestidad.<\/li>\n<li>Cultura de atenci\u00f3n al usuario: Escuchar, atender, tramitar y solucionar en forma oportuna, clara y sencilla las PQR o sugerencias verbales o escritas que sean presentadas por los usuarios.<\/li>\n<li>Informaci\u00f3n y transparencia: Brindar informaci\u00f3n veraz, suficiente, precisa, verificable y oportuna sobre las actividades y operaciones directas e indirectas que se realicen para la prestaci\u00f3n de servicios p\u00fablicos.<\/li>\n<li>Informaci\u00f3n Institucional: Pode acceder a la informaci\u00f3n institucional a trav\u00e9s del sitio web\u00a0<strong>www.intergas.com.co.<\/strong><\/li>\n<li>Informaci\u00f3n a entidades p\u00fablicas: Brindar la informaci\u00f3n solicitada por las entidades p\u00fablicas del sector seg\u00fan sus funciones legales, de manera oportuna, completa, verificable e independiente y transparente.<\/li>\n<li>Libre elecci\u00f3n del prestador del servicio: Los usuarios tienen derecho a escoger el prestador del servicio en el mercado y proveedor de bienes y servicios, seg\u00fan sus necesidades y requerimientos.\u00a0 <strong>INTERGAS S.A. ESP.<\/strong> tiene previsto el procedimiento para cambio de comercializador a trav\u00e9s del sitio web\u00a0<strong>www.intergas.com.co.<\/strong><\/li>\n<li>Neutralidad: Otorgar un\u00a0 tratamiento igual a sus usuarios, sin discriminaciones diferentes a las derivadas de las condiciones y caracter\u00edsticas t\u00e9cnicas de la prestaci\u00f3n de los servicios.<\/li>\n<li>Obligatoriedad del contrato: Cumplir con el contrato de los servicios p\u00fablicos que es de ley para las partes, a las que de manera uniforme se apliquen a la prestaci\u00f3n del respectivo servicio y a las que surjan de los reglamentos expedidos por los organismos competentes.<\/li>\n<li>Servicios de calidad, continuos y seguros: Prestar los respectivos servicios dentro de los est\u00e1ndares de calidad, continuidad y seguridad, conforme a las condiciones t\u00e9cnicas y t\u00e9rminos definidos en el contrato.<\/li>\n<li>Tarifas eficientes y p\u00fablicas: Publicar las tarifas mensualmente, aplicables a los usuarios debidamente actualizadas conforme a los costos eficientes de las actividades y disposiciones regulatorias.<\/li>\n<li>Pol\u00edtica de manejo de datos: Aplicar las disposiciones generales para la protecci\u00f3n de datos personales y las pol\u00edticas empresariales.<\/li>\n<\/ul>\n<h2><\/h2>\n<p>[\/et_pb_text][\/et_pb_column][\/et_pb_row][et_pb_row column_structure=\u00bb3_5,2_5&#8243; _builder_version=\u00bb4.4.3&#8243; global_colors_info=\u00bb{}\u00bb][et_pb_column type=\u00bb3_5&#8243; _builder_version=\u00bb4.4.3&#8243; global_colors_info=\u00bb{}\u00bb][et_pb_image src=\u00bbhttps:\/\/intergas.com.co\/wp-content\/uploads\/2020\/05\/food-bank_55.png\u00bb title_text=\u00bb2785148w380&#8243; _builder_version=\u00bb4.4.5&#8243; background_image=\u00bbhttps:\/\/intergas.com.co\/wp-content\/uploads\/2020\/03\/2785148w380.jpg\u00bb parallax=\u00bbon\u00bb global_colors_info=\u00bb{}\u00bb][\/et_pb_image][\/et_pb_column][et_pb_column type=\u00bb2_5&#8243; _builder_version=\u00bb4.4.3&#8243; global_colors_info=\u00bb{}\u00bb][et_pb_text _builder_version=\u00bb4.4.3&#8243; ul_font=\u00bbOpen Sans||||||||\u00bb ul_text_align=\u00bbjustify\u00bb ul_font_size=\u00bb18px\u00bb header_2_font=\u00bbJosefin Sans|700|||||||\u00bb header_2_text_align=\u00bbright\u00bb header_2_font_size=\u00bb48px\u00bb global_colors_info=\u00bb{}\u00bb]<\/p>\n<h2>Deberes de los Usuarios<\/h2>\n<ul>\n<li>Informar a <strong>INTERGAS S.A. ESP.<\/strong>\u00a0sobre los cambio de domicilio del usuario donde recibe la prestaci\u00f3n del servicio p\u00fablico de GLP.<\/li>\n<li>Informar a <strong>INTERGAS S.A. ESP.<\/strong>\u00a0sobre los cambios en la propiedad del inmueble donde recibe el servicio p\u00fablico de GLP.<\/li>\n<\/ul>\n<p>[\/et_pb_text][\/et_pb_column][\/et_pb_row][et_pb_row _builder_version=\u00bb4.4.3&#8243; global_colors_info=\u00bb{}\u00bb][et_pb_column type=\u00bb4_4&#8243; _builder_version=\u00bb4.4.3&#8243; global_colors_info=\u00bb{}\u00bb][et_pb_text _builder_version=\u00bb4.4.3&#8243; ul_font=\u00bbOpen Sans||||||||\u00bb ul_text_align=\u00bbjustify\u00bb ul_font_size=\u00bb18px\u00bb header_2_font=\u00bbJosefin Sans|700|||||||\u00bb header_2_font_size=\u00bb48px\u00bb global_colors_info=\u00bb{}\u00bb]<\/p>\n<h2><\/h2>\n<ul>\n<li>Utilizar el servicio de GLP bajo las caracter\u00edsticas establecidas en el contrato de servicios p\u00fablicos de GLP.<\/li>\n<li>Permitir a los funcionarios o personal de <strong>INTERGAS S.A. ESP.\u00a0<\/strong>la revisi\u00f3n visual de la instalaci\u00f3n del servicio de los cilindros.<\/li>\n<li>Permitir a los funcionarios o personal autorizado por la empresa <strong>INTERGAS S.A. ESP.<\/strong>, la conexi\u00f3n del cilindro.<\/li>\n<li>Proporcionar a las respectivas instalaciones, equipos y gasodom\u00e9sticos, el mantenimiento y uso adecuado, para evitar da\u00f1os que puedan ocasionar inconvenientes, deficiencias o fugas del suministro del servicio p\u00fablico.<\/li>\n<li>Cumplir con el pago oportuno de los servicios prestados.<\/li>\n<li>Permitir la desconexi\u00f3n del servicio en caso de que se requiera para la suspensi\u00f3n o el corte del servicio.<\/li>\n<\/ul>\n<p>[\/et_pb_text][\/et_pb_column][\/et_pb_row][\/et_pb_section][et_pb_section fb_built=\u00bb1&#8243; _builder_version=\u00bb4.3.4&#8243; custom_margin=\u00bb||85px|||\u00bb custom_padding=\u00bb0px||5px|||\u00bb global_colors_info=\u00bb{}\u00bb][et_pb_row column_structure=\u00bb1_3,1_3,1_3&#8243; _builder_version=\u00bb4.3.4&#8243; custom_margin=\u00bb|127px|||false|false\u00bb custom_padding=\u00bb0|0px|0|0px|false|false\u00bb global_colors_info=\u00bb{}\u00bb][et_pb_column type=\u00bb1_3&#8243; _builder_version=\u00bb3.25&#8243; custom_padding=\u00bb|||\u00bb global_colors_info=\u00bb{}\u00bb custom_padding__hover=\u00bb|||\u00bb][\/et_pb_column][et_pb_column type=\u00bb1_3&#8243; _builder_version=\u00bb3.25&#8243; custom_padding=\u00bb|||\u00bb global_colors_info=\u00bb{}\u00bb custom_padding__hover=\u00bb|||\u00bb][\/et_pb_column][et_pb_column type=\u00bb1_3&#8243; _builder_version=\u00bb3.25&#8243; custom_padding=\u00bb|||\u00bb global_colors_info=\u00bb{}\u00bb custom_padding__hover=\u00bb|||\u00bb][et_pb_image src=\u00bbhttps:\/\/intergas.com.co\/wp-content\/uploads\/2024\/02\/superservicios.png\u00bb align=\u00bbright\u00bb align_tablet=\u00bbcenter\u00bb align_phone=\u00bb\u00bb align_last_edited=\u00bbon|desktop\u00bb disabled_on=\u00bbon|on|off\u00bb _builder_version=\u00bb4.11.0&#8243; custom_margin=\u00bb|1px|||false|false\u00bb hover_enabled=\u00bb0&#8243; global_colors_info=\u00bb{}\u00bb title_text=\u00bbsuperservicios\u00bb sticky_enabled=\u00bb0&#8243;][\/et_pb_image][\/et_pb_column][\/et_pb_row][\/et_pb_section][et_pb_section fb_built=\u00bb1&#8243; admin_label=\u00bbFooter\u00bb _builder_version=\u00bb3.22&#8243; custom_padding=\u00bb0|0px|54px|0px|false|false\u00bb global_colors_info=\u00bb{}\u00bb][et_pb_row column_structure=\u00bb1_3,1_3,1_3&#8243; _builder_version=\u00bb3.25&#8243; custom_padding=\u00bb0|0px|27px|0px|false|false\u00bb global_colors_info=\u00bb{}\u00bb][et_pb_column type=\u00bb1_3&#8243; _builder_version=\u00bb3.25&#8243; custom_padding=\u00bb|||\u00bb global_colors_info=\u00bb{}\u00bb custom_padding__hover=\u00bb|||\u00bb][et_pb_blurb title=\u00bbOFICINA PRINCIPAL\u00bb use_icon=\u00bbon\u00bb font_icon=\u00bb%%236%%\u00bb icon_color=\u00bb#e02b20&#8243; use_icon_font_size=\u00bbon\u00bb icon_font_size=\u00bb32px\u00bb _builder_version=\u00bb4.0.6&#8243; header_font=\u00bbJosefin Sans|700||on|||||\u00bb header_text_align=\u00bbcenter\u00bb body_font=\u00bbOpen Sans||||||||\u00bb body_text_align=\u00bbcenter\u00bb body_font_size=\u00bb18px\u00bb global_colors_info=\u00bb{}\u00bb]<\/p>\n<p><span>Dir.: Cra 10 Calle 5 Esquina,<\/span><br \/> <span>La Mesa, Cund.<\/span><\/p>\n<p>[\/et_pb_blurb][\/et_pb_column][et_pb_column type=\u00bb1_3&#8243; _builder_version=\u00bb3.25&#8243; custom_padding=\u00bb|||\u00bb global_colors_info=\u00bb{}\u00bb custom_padding__hover=\u00bb|||\u00bb][et_pb_blurb title=\u00bbTEL\u00c9FONO\u00bb use_icon=\u00bbon\u00bb font_icon=\u00bb%%264%%\u00bb icon_color=\u00bb#e02b20&#8243; use_icon_font_size=\u00bbon\u00bb icon_font_size=\u00bb32px\u00bb _builder_version=\u00bb4.0.6&#8243; header_font=\u00bbJosefin Sans|700||on|||||\u00bb header_text_align=\u00bbcenter\u00bb body_font=\u00bbOpen Sans||||||||\u00bb body_text_align=\u00bbcenter\u00bb body_font_size=\u00bb18px\u00bb animation_style=\u00bbfold\u00bb animation_direction=\u00bbleft\u00bb animation_delay=\u00bb200ms\u00bb animation_intensity_fold=\u00bb20%\u00bb global_colors_info=\u00bb{}\u00bb]<\/p>\n<p>(1) 847 2844 &#8211; 45 &#8211; (+57) 3107864013<\/p>\n<p>[\/et_pb_blurb][\/et_pb_column][et_pb_column type=\u00bb1_3&#8243; _builder_version=\u00bb3.25&#8243; custom_padding=\u00bb|||\u00bb global_colors_info=\u00bb{}\u00bb custom_padding__hover=\u00bb|||\u00bb][et_pb_blurb title=\u00bbEMAIL\u00bb use_icon=\u00bbon\u00bb font_icon=\u00bb%%238%%\u00bb icon_color=\u00bb#e02b20&#8243; use_icon_font_size=\u00bbon\u00bb icon_font_size=\u00bb32px\u00bb _builder_version=\u00bb4.0.6&#8243; header_font=\u00bbJosefin Sans|700||on|||||\u00bb header_text_align=\u00bbcenter\u00bb body_font=\u00bbOpen Sans||||||||\u00bb body_text_align=\u00bbcenter\u00bb body_font_size=\u00bb18px\u00bb animation_style=\u00bbfold\u00bb animation_direction=\u00bbleft\u00bb animation_delay=\u00bb200ms\u00bb animation_intensity_fold=\u00bb20%\u00bb global_colors_info=\u00bb{}\u00bb]<\/p>\n<p>intergas@intergas.com.co<\/p>\n<p>[\/et_pb_blurb][\/et_pb_column][\/et_pb_row][\/et_pb_section]<\/p>\n","protected":false},"excerpt":{"rendered":"<p>Derechos y Deberes de los UsuariosINTERGASDerechos de los Usuarios INTERMUNICIPAL DE GAS S.A. ESP. ratifica e incluye los derechos de los usuarios contenidos en la Ley 142 de 1.994 y adicional a estos reconoce para los mismos los siguientes, as\u00ed: &nbsp; Trato digno y respetuoso: Recibir por parte de nuestros trabajadores tanto operativos como administrativos [&hellip;]<\/p>\n","protected":false},"author":1,"featured_media":0,"parent":0,"menu_order":0,"comment_status":"closed","ping_status":"closed","template":"","meta":{"_et_pb_use_builder":"on","_et_pb_old_content":"<!-- wp:divi\/placeholder \/-->","_et_gb_content_width":"","footnotes":""},"class_list":["post-188","page","type-page","status-publish","hentry"],"yoast_head":"<!-- This site is optimized with the Yoast SEO plugin v27.4 - https:\/\/yoast.com\/product\/yoast-seo-wordpress\/ -->\n<title>Derechos y Deberes de nuestros usuarios - INTERGAS S.A ESP<\/title>\n<meta name=\"robots\" content=\"index, follow, max-snippet:-1, max-image-preview:large, max-video-preview:-1\" \/>\n<link rel=\"canonical\" href=\"https:\/\/intergas.com.co\/index.php\/derechos-y-deberes-de-nuestros-usuarios\/\" \/>\n<meta property=\"og:locale\" content=\"es_ES\" \/>\n<meta property=\"og:type\" content=\"article\" \/>\n<meta property=\"og:title\" content=\"Derechos y Deberes de nuestros usuarios - INTERGAS S.A ESP\" \/>\n<meta property=\"og:description\" content=\"Derechos y Deberes de los UsuariosINTERGASDerechos de los Usuarios INTERMUNICIPAL DE GAS S.A. ESP. ratifica e incluye los derechos de los usuarios contenidos en la Ley 142 de 1.994 y adicional a estos reconoce para los mismos los siguientes, as\u00ed: &nbsp; Trato digno y respetuoso: Recibir por parte de nuestros trabajadores tanto operativos como administrativos [&hellip;]\" \/>\n<meta property=\"og:url\" content=\"https:\/\/intergas.com.co\/index.php\/derechos-y-deberes-de-nuestros-usuarios\/\" \/>\n<meta property=\"og:site_name\" content=\"INTERGAS S.A ESP\" \/>\n<meta property=\"article:modified_time\" content=\"2024-02-19T23:45:04+00:00\" \/>\n<meta name=\"twitter:card\" content=\"summary_large_image\" \/>\n<meta name=\"twitter:label1\" content=\"Tiempo de lectura\" \/>\n\t<meta name=\"twitter:data1\" content=\"9 minutos\" \/>\n<script type=\"application\/ld+json\" class=\"yoast-schema-graph\">{\"@context\":\"https:\\\/\\\/schema.org\",\"@graph\":[{\"@type\":\"WebPage\",\"@id\":\"https:\\\/\\\/intergas.com.co\\\/index.php\\\/derechos-y-deberes-de-nuestros-usuarios\\\/\",\"url\":\"https:\\\/\\\/intergas.com.co\\\/index.php\\\/derechos-y-deberes-de-nuestros-usuarios\\\/\",\"name\":\"Derechos y Deberes de nuestros usuarios - INTERGAS S.A ESP\",\"isPartOf\":{\"@id\":\"https:\\\/\\\/intergas.com.co\\\/#website\"},\"datePublished\":\"2020-05-07T16:09:20+00:00\",\"dateModified\":\"2024-02-19T23:45:04+00:00\",\"breadcrumb\":{\"@id\":\"https:\\\/\\\/intergas.com.co\\\/index.php\\\/derechos-y-deberes-de-nuestros-usuarios\\\/#breadcrumb\"},\"inLanguage\":\"es\",\"potentialAction\":[{\"@type\":\"ReadAction\",\"target\":[\"https:\\\/\\\/intergas.com.co\\\/index.php\\\/derechos-y-deberes-de-nuestros-usuarios\\\/\"]}]},{\"@type\":\"BreadcrumbList\",\"@id\":\"https:\\\/\\\/intergas.com.co\\\/index.php\\\/derechos-y-deberes-de-nuestros-usuarios\\\/#breadcrumb\",\"itemListElement\":[{\"@type\":\"ListItem\",\"position\":1,\"name\":\"Portada\",\"item\":\"https:\\\/\\\/intergas.com.co\\\/\"},{\"@type\":\"ListItem\",\"position\":2,\"name\":\"Derechos y Deberes de nuestros usuarios\"}]},{\"@type\":\"WebSite\",\"@id\":\"https:\\\/\\\/intergas.com.co\\\/#website\",\"url\":\"https:\\\/\\\/intergas.com.co\\\/\",\"name\":\"INTERGAS S.A ESP\",\"description\":\"Comercializaci\u00f3n y distribuci\u00f3n de  \u201cGas Propano\u201d GLP Gas Licuado del Petr\u00f3leo\",\"potentialAction\":[{\"@type\":\"SearchAction\",\"target\":{\"@type\":\"EntryPoint\",\"urlTemplate\":\"https:\\\/\\\/intergas.com.co\\\/?s={search_term_string}\"},\"query-input\":{\"@type\":\"PropertyValueSpecification\",\"valueRequired\":true,\"valueName\":\"search_term_string\"}}],\"inLanguage\":\"es\"}]}<\/script>\n<!-- \/ Yoast SEO plugin. -->","yoast_head_json":{"title":"Derechos y Deberes de nuestros usuarios - INTERGAS S.A ESP","robots":{"index":"index","follow":"follow","max-snippet":"max-snippet:-1","max-image-preview":"max-image-preview:large","max-video-preview":"max-video-preview:-1"},"canonical":"https:\/\/intergas.com.co\/index.php\/derechos-y-deberes-de-nuestros-usuarios\/","og_locale":"es_ES","og_type":"article","og_title":"Derechos y Deberes de nuestros usuarios - INTERGAS S.A ESP","og_description":"Derechos y Deberes de los UsuariosINTERGASDerechos de los Usuarios INTERMUNICIPAL DE GAS S.A. ESP. ratifica e incluye los derechos de los usuarios contenidos en la Ley 142 de 1.994 y adicional a estos reconoce para los mismos los siguientes, as\u00ed: &nbsp; Trato digno y respetuoso: Recibir por parte de nuestros trabajadores tanto operativos como administrativos [&hellip;]","og_url":"https:\/\/intergas.com.co\/index.php\/derechos-y-deberes-de-nuestros-usuarios\/","og_site_name":"INTERGAS S.A ESP","article_modified_time":"2024-02-19T23:45:04+00:00","twitter_card":"summary_large_image","twitter_misc":{"Tiempo de lectura":"9 minutos"},"schema":{"@context":"https:\/\/schema.org","@graph":[{"@type":"WebPage","@id":"https:\/\/intergas.com.co\/index.php\/derechos-y-deberes-de-nuestros-usuarios\/","url":"https:\/\/intergas.com.co\/index.php\/derechos-y-deberes-de-nuestros-usuarios\/","name":"Derechos y Deberes de nuestros usuarios - INTERGAS S.A ESP","isPartOf":{"@id":"https:\/\/intergas.com.co\/#website"},"datePublished":"2020-05-07T16:09:20+00:00","dateModified":"2024-02-19T23:45:04+00:00","breadcrumb":{"@id":"https:\/\/intergas.com.co\/index.php\/derechos-y-deberes-de-nuestros-usuarios\/#breadcrumb"},"inLanguage":"es","potentialAction":[{"@type":"ReadAction","target":["https:\/\/intergas.com.co\/index.php\/derechos-y-deberes-de-nuestros-usuarios\/"]}]},{"@type":"BreadcrumbList","@id":"https:\/\/intergas.com.co\/index.php\/derechos-y-deberes-de-nuestros-usuarios\/#breadcrumb","itemListElement":[{"@type":"ListItem","position":1,"name":"Portada","item":"https:\/\/intergas.com.co\/"},{"@type":"ListItem","position":2,"name":"Derechos y Deberes de nuestros usuarios"}]},{"@type":"WebSite","@id":"https:\/\/intergas.com.co\/#website","url":"https:\/\/intergas.com.co\/","name":"INTERGAS S.A ESP","description":"Comercializaci\u00f3n y distribuci\u00f3n de  \u201cGas Propano\u201d GLP Gas Licuado del Petr\u00f3leo","potentialAction":[{"@type":"SearchAction","target":{"@type":"EntryPoint","urlTemplate":"https:\/\/intergas.com.co\/?s={search_term_string}"},"query-input":{"@type":"PropertyValueSpecification","valueRequired":true,"valueName":"search_term_string"}}],"inLanguage":"es"}]}},"_links":{"self":[{"href":"https:\/\/intergas.com.co\/index.php\/wp-json\/wp\/v2\/pages\/188"}],"collection":[{"href":"https:\/\/intergas.com.co\/index.php\/wp-json\/wp\/v2\/pages"}],"about":[{"href":"https:\/\/intergas.com.co\/index.php\/wp-json\/wp\/v2\/types\/page"}],"author":[{"embeddable":true,"href":"https:\/\/intergas.com.co\/index.php\/wp-json\/wp\/v2\/users\/1"}],"replies":[{"embeddable":true,"href":"https:\/\/intergas.com.co\/index.php\/wp-json\/wp\/v2\/comments?post=188"}],"version-history":[{"count":6,"href":"https:\/\/intergas.com.co\/index.php\/wp-json\/wp\/v2\/pages\/188\/revisions"}],"predecessor-version":[{"id":282,"href":"https:\/\/intergas.com.co\/index.php\/wp-json\/wp\/v2\/pages\/188\/revisions\/282"}],"wp:attachment":[{"href":"https:\/\/intergas.com.co\/index.php\/wp-json\/wp\/v2\/media?parent=188"}],"curies":[{"name":"wp","href":"https:\/\/api.w.org\/{rel}","templated":true}]}}