{"id":190,"date":"2020-05-07T11:10:00","date_gmt":"2020-05-07T16:10:00","guid":{"rendered":"https:\/\/intergas.com.co\/?page_id=190"},"modified":"2024-02-19T18:46:22","modified_gmt":"2024-02-19T23:46:22","slug":"procedimiento-de-vinculacion-o-acceso-al-servicio-publico-domiciliario-de-gas-glp","status":"publish","type":"page","link":"https:\/\/intergas.com.co\/index.php\/procedimiento-de-vinculacion-o-acceso-al-servicio-publico-domiciliario-de-gas-glp\/","title":{"rendered":"Acceso al servicio p\u00fablico domiciliario de gas GLP"},"content":{"rendered":"<p>[et_pb_section fb_built=\u00bb1&#8243; next_background_color=\u00bb#edeff4&#8243; admin_label=\u00bbHero\u00bb _builder_version=\u00bb4.4.5&#8243; use_background_color_gradient=\u00bbon\u00bb background_color_gradient_start=\u00bb#283d4b\u00bb background_color_gradient_end=\u00bbrgba(128,103,79,0.5)\u00bb background_color_gradient_direction=\u00bb70deg\u00bb background_color_gradient_overlays_image=\u00bbon\u00bb background_image=\u00bbhttps:\/\/intergas.com.co\/wp-content\/uploads\/2020\/03\/4.jpg\u00bb custom_margin=\u00bb||3%|\u00bb custom_padding=\u00bb6vw|||\u00bb bottom_divider_style=\u00bbmountains2&#8243; bottom_divider_height=\u00bb20vw\u00bb bottom_divider_repeat=\u00bb0.5x\u00bb bottom_divider_flip=\u00bbhorizontal|vertical\u00bb global_colors_info=\u00bb{}\u00bb][et_pb_row _builder_version=\u00bb3.25&#8243; custom_margin=\u00bb|||\u00bb custom_padding=\u00bb27px|0px|0|0px|false|false\u00bb global_colors_info=\u00bb{}\u00bb][et_pb_column type=\u00bb4_4&#8243; _builder_version=\u00bb3.25&#8243; custom_padding=\u00bb|||\u00bb global_colors_info=\u00bb{}\u00bb custom_padding__hover=\u00bb|||\u00bb][et_pb_text _builder_version=\u00bb4.4.3&#8243; text_font=\u00bb||||||||\u00bb text_font_size=\u00bb12px\u00bb header_font=\u00bbJosefin Sans|700|||||||\u00bb header_font_size=\u00bb40px\u00bb header_line_height=\u00bb1.4em\u00bb header_2_font=\u00bbJosefin Sans||||||||\u00bb header_2_text_color=\u00bbrgba(255,255,255,0.6)\u00bb header_2_font_size=\u00bb32px\u00bb header_2_line_height=\u00bb1.4em\u00bb background_layout=\u00bbdark\u00bb animation_style=\u00bbslide\u00bb animation_direction=\u00bbright\u00bb animation_intensity_slide=\u00bb4%\u00bb header_font_size_tablet=\u00bb50px\u00bb header_font_size_phone=\u00bb32px\u00bb header_font_size_last_edited=\u00bbon|desktop\u00bb header_2_font_size_tablet=\u00bb\u00bb header_2_font_size_phone=\u00bb24px\u00bb header_2_font_size_last_edited=\u00bbon|phone\u00bb global_colors_info=\u00bb{}\u00bb]<\/p>\n<h1>Procedimiento de Vinculaci\u00f3n o Acceso al servicio p\u00fablico domiciliario de gas GLP<\/h1>\n<p>[\/et_pb_text][\/et_pb_column][\/et_pb_row][et_pb_row use_custom_gutter=\u00bbon\u00bb gutter_width=\u00bb1&#8243; disabled_on=\u00bbon|off|off\u00bb module_class=\u00bb et_pb_row_fullwidth\u00bb _builder_version=\u00bb3.25&#8243; width=\u00bb100%\u00bb width_tablet=\u00bb100%\u00bb width_phone=\u00bb\u00bb width_last_edited=\u00bbon|desktop\u00bb max_width=\u00bb100%\u00bb max_width_tablet=\u00bb100%\u00bb max_width_phone=\u00bb\u00bb max_width_last_edited=\u00bbon|desktop\u00bb make_fullwidth=\u00bbon\u00bb locked=\u00bboff\u00bb global_colors_info=\u00bb{}\u00bb][et_pb_column type=\u00bb4_4&#8243; _builder_version=\u00bb3.25&#8243; custom_padding=\u00bb|||\u00bb global_colors_info=\u00bb{}\u00bb custom_padding__hover=\u00bb|||\u00bb][et_pb_text _builder_version=\u00bb4.4.5&#8243; text_font=\u00bbJosefin Sans|700||on|||||\u00bb text_text_color=\u00bbrgba(255,255,255,0.2)\u00bb text_font_size=\u00bb15vw\u00bb text_line_height=\u00bb1em\u00bb quote_font=\u00bb||||||||\u00bb header_font=\u00bb||||||||\u00bb custom_margin=\u00bb||-0.4em|\u00bb custom_padding=\u00bb|||\u00bb filter_blur=\u00bb7px\u00bb animation_style=\u00bbslide\u00bb animation_direction=\u00bbright\u00bb animation_duration=\u00bb10000ms\u00bb animation_intensity_slide=\u00bb10%\u00bb animation_starting_opacity=\u00bb40%\u00bb animation_speed_curve=\u00bblinear\u00bb text_font_size_tablet=\u00bb124px\u00bb text_font_size_phone=\u00bb90px\u00bb text_font_size_last_edited=\u00bboff|desktop\u00bb global_colors_info=\u00bb{}\u00bb]<\/p>\n<p>INTERGAS<\/p>\n<p>[\/et_pb_text][\/et_pb_column][\/et_pb_row][\/et_pb_section][et_pb_section fb_built=\u00bb1&#8243; prev_background_color=\u00bb#ffffff\u00bb next_background_color=\u00bb#ffffff\u00bb admin_label=\u00bbTestimonials\u00bb _builder_version=\u00bb4.4.3&#8243; background_color=\u00bb#edeff4&#8243; custom_padding=\u00bb54px|0px|100px|0px|false|false\u00bb top_divider_style=\u00bbmountains2&#8243; bottom_divider_style=\u00bbmountains2&#8243; global_colors_info=\u00bb{}\u00bb][et_pb_row column_structure=\u00bb1_2,1_2&#8243; use_custom_gutter=\u00bbon\u00bb gutter_width=\u00bb1&#8243; make_equal=\u00bbon\u00bb padding_top_bottom_link_1=\u00bbtrue\u00bb module_class=\u00bb et_pb_row_fullwidth\u00bb _builder_version=\u00bb4.4.5&#8243; width=\u00bb100%\u00bb width_tablet=\u00bb100%\u00bb width_phone=\u00bb\u00bb width_last_edited=\u00bbon|desktop\u00bb max_width=\u00bb100%\u00bb max_width_tablet=\u00bb100%\u00bb max_width_phone=\u00bb\u00bb max_width_last_edited=\u00bbon|desktop\u00bb custom_margin_tablet=\u00bb||30px|\u00bb custom_margin_phone=\u00bb\u00bb custom_margin_last_edited=\u00bbon|tablet\u00bb custom_padding=\u00bb0|0px|0|0|false|false\u00bb make_fullwidth=\u00bbon\u00bb global_colors_info=\u00bb{}\u00bb][et_pb_column type=\u00bb1_2&#8243; _builder_version=\u00bb3.25&#8243; custom_padding=\u00bb80px|80px|80px|10%\u00bb custom_padding_tablet=\u00bb0px|10%|0px|10%|true|true\u00bb custom_padding_phone=\u00bb\u00bb custom_padding_last_edited=\u00bbon|tablet\u00bb global_colors_info=\u00bb{}\u00bb padding_tablet=\u00bb0px|10%|0px|10%|true|true\u00bb padding_last_edited=\u00bbon|tablet\u00bb custom_padding__hover=\u00bb|||\u00bb][et_pb_text _builder_version=\u00bb4.4.5&#8243; text_font=\u00bbOpen Sans||||||||\u00bb text_font_size=\u00bb18px\u00bb text_line_height=\u00bb1.8em\u00bb header_font=\u00bb||||||||\u00bb header_2_font=\u00bbJosefin Sans|700|||||||\u00bb header_2_font_size=\u00bb32px\u00bb header_2_line_height=\u00bb1.5em\u00bb header_3_font=\u00bbJosefin Sans|700||on|||||\u00bb header_3_text_color=\u00bbrgba(43,51,68,0.2)\u00bb text_orientation=\u00bbjustified\u00bb max_width=\u00bb700px\u00bb custom_margin=\u00bb||30px|\u00bb custom_padding=\u00bb|||\u00bb locked=\u00bboff\u00bb global_colors_info=\u00bb{}\u00bb]<\/p>\n<h2>Proceso de vinculaci\u00f3n o acceso al servicio p\u00fablico domiciliario de gas GLP<\/h2>\n<p>Procedimiento de vinculaci\u00f3n o acceso al servicio p\u00fablico domiciliario de GLP en cilindros y tanques estacionarios.<\/p>\n<p>Mediante llamada telef\u00f3nica\u00a0 al celular No.\u00a0 310 7864013, o l\u00edneas fijas: 8472844\/45, sitio web www.intergas.com.co, estaremos gustosos en atender sus pedidos que ser\u00e1n llevados a su domicilio por un funcionario de la empresa que llevar\u00e1 el cilindro. Los precios, mensualmente est\u00e1n previamente publicados en un diario de amplia circulaci\u00f3n.<\/p>\n<p>[\/et_pb_text][\/et_pb_column][et_pb_column type=\u00bb1_2&#8243; _builder_version=\u00bb4.4.5&#8243; background_image=\u00bbhttps:\/\/intergas.com.co\/wp-content\/uploads\/2020\/03\/5.jpg\u00bb parallax=\u00bbon\u00bb custom_padding=\u00bb|||\u00bb global_colors_info=\u00bb{}\u00bb custom_padding__hover=\u00bb|||\u00bb][et_pb_divider show_divider=\u00bboff\u00bb _builder_version=\u00bb4.4.3&#8243; height=\u00bb200px\u00bb global_colors_info=\u00bb{}\u00bb][\/et_pb_divider][\/et_pb_column][\/et_pb_row][et_pb_row use_custom_gutter=\u00bbon\u00bb gutter_width=\u00bb4&#8243; make_equal=\u00bbon\u00bb _builder_version=\u00bb4.4.3&#8243; width=\u00bb96%\u00bb max_width=\u00bb1273px\u00bb global_colors_info=\u00bb{}\u00bb][et_pb_column type=\u00bb4_4&#8243; _builder_version=\u00bb4.4.3&#8243; global_colors_info=\u00bb{}\u00bb][et_pb_text _builder_version=\u00bb4.4.5&#8243; text_font=\u00bbOpen Sans||||||||\u00bb text_font_size=\u00bb18px\u00bb text_line_height=\u00bb1.8em\u00bb text_orientation=\u00bbjustified\u00bb global_colors_info=\u00bb{}\u00bb]<\/p>\n<p>El usuario que por primera vez solicite el cilindro de gas GLP, porque no tiene previamente\u00a0 en su poder como depositario el cilindro de propiedad de la empresa, los cuales son marcados con la marca <strong>INTERMESA<\/strong>, recibir\u00e1 un cilindro de nuestra empresa, en dep\u00f3sito, pagando un dep\u00f3sito en garant\u00eda que le ser\u00e1 retornado simult\u00e1neamente con la devoluci\u00f3n del cilindro a la empresa. Se suscribir\u00e1\u00a0 en el momento de recibir el cilindro un contrato de dep\u00f3sito, con la advertencia que el usuario deber\u00e1 devolver el cilindro exclusivamente a la empresa a trav\u00e9s de sus conductores y se abstendr\u00e1 de entregarlo a terceros o a otra empresa, a disponer de \u00e9l\u00a0 o a negociarlo.\u00a0 El documento de suscripci\u00f3n del dep\u00f3sito debe ser suscrito por el usuario que sea mayor de edad, indicar\u00e1 su identificaci\u00f3n, domicilio, o Rut de la empresa.\u00a0 El cilindro ser\u00e1 entregado al usuario en calidad de pr\u00e9stamo con un dep\u00f3sito en garant\u00eda de que retornar\u00e1 el envase cuando desee hacerlo, y pagar\u00e1 el valor del contenido o sea el producto gas GLP contenido en el cilindro que le suministre la empresa. Por cada nuevo consumo el usuario pagar\u00e1 el valor del contenido,\u00a0 regresando\u00a0 el cilindro vac\u00edo a cambio de un nuevo cilindro lleno.<\/p>\n<p>[\/et_pb_text][\/et_pb_column][\/et_pb_row][\/et_pb_section][et_pb_section fb_built=\u00bb1&#8243; _builder_version=\u00bb4.3.4&#8243; custom_margin=\u00bb-45px||85px|||\u00bb custom_padding=\u00bb||0px|||\u00bb global_colors_info=\u00bb{}\u00bb][et_pb_row column_structure=\u00bb1_3,1_3,1_3&#8243; _builder_version=\u00bb4.3.4&#8243; custom_margin=\u00bb|127px|||false|false\u00bb custom_padding=\u00bb0|0px|0|0px|false|false\u00bb global_colors_info=\u00bb{}\u00bb][et_pb_column type=\u00bb1_3&#8243; _builder_version=\u00bb3.25&#8243; custom_padding=\u00bb|||\u00bb global_colors_info=\u00bb{}\u00bb custom_padding__hover=\u00bb|||\u00bb][\/et_pb_column][et_pb_column type=\u00bb1_3&#8243; _builder_version=\u00bb3.25&#8243; custom_padding=\u00bb|||\u00bb global_colors_info=\u00bb{}\u00bb custom_padding__hover=\u00bb|||\u00bb][\/et_pb_column][et_pb_column type=\u00bb1_3&#8243; _builder_version=\u00bb3.25&#8243; custom_padding=\u00bb|||\u00bb global_colors_info=\u00bb{}\u00bb custom_padding__hover=\u00bb|||\u00bb][et_pb_image src=\u00bbhttps:\/\/intergas.com.co\/wp-content\/uploads\/2024\/02\/superservicios.png\u00bb align=\u00bbright\u00bb align_tablet=\u00bbcenter\u00bb align_phone=\u00bb\u00bb align_last_edited=\u00bbon|desktop\u00bb disabled_on=\u00bbon|on|off\u00bb _builder_version=\u00bb4.11.0&#8243; custom_margin=\u00bb|1px|||false|false\u00bb hover_enabled=\u00bb0&#8243; global_colors_info=\u00bb{}\u00bb title_text=\u00bbsuperservicios\u00bb sticky_enabled=\u00bb0&#8243;][\/et_pb_image][\/et_pb_column][\/et_pb_row][\/et_pb_section][et_pb_section fb_built=\u00bb1&#8243; admin_label=\u00bbFooter\u00bb _builder_version=\u00bb3.22&#8243; custom_padding=\u00bb0|0px|54px|0px|false|false\u00bb global_colors_info=\u00bb{}\u00bb][et_pb_row column_structure=\u00bb1_3,1_3,1_3&#8243; _builder_version=\u00bb3.25&#8243; custom_padding=\u00bb0|0px|27px|0px|false|false\u00bb global_colors_info=\u00bb{}\u00bb][et_pb_column type=\u00bb1_3&#8243; _builder_version=\u00bb3.25&#8243; custom_padding=\u00bb|||\u00bb global_colors_info=\u00bb{}\u00bb custom_padding__hover=\u00bb|||\u00bb][et_pb_blurb title=\u00bbOFICINA PRINCIPAL\u00bb use_icon=\u00bbon\u00bb font_icon=\u00bb%%236%%\u00bb icon_color=\u00bb#e02b20&#8243; use_icon_font_size=\u00bbon\u00bb icon_font_size=\u00bb32px\u00bb _builder_version=\u00bb4.0.6&#8243; header_font=\u00bbJosefin Sans|700||on|||||\u00bb header_text_align=\u00bbcenter\u00bb body_font=\u00bbOpen Sans||||||||\u00bb body_text_align=\u00bbcenter\u00bb body_font_size=\u00bb18px\u00bb global_colors_info=\u00bb{}\u00bb]<\/p>\n<p><span>Dir.: Cra 10 Calle 5 Esquina,<\/span><br \/> <span>La Mesa, Cund.<\/span><\/p>\n<p>[\/et_pb_blurb][\/et_pb_column][et_pb_column type=\u00bb1_3&#8243; _builder_version=\u00bb3.25&#8243; custom_padding=\u00bb|||\u00bb global_colors_info=\u00bb{}\u00bb custom_padding__hover=\u00bb|||\u00bb][et_pb_blurb title=\u00bbTEL\u00c9FONO\u00bb use_icon=\u00bbon\u00bb font_icon=\u00bb%%264%%\u00bb icon_color=\u00bb#e02b20&#8243; use_icon_font_size=\u00bbon\u00bb icon_font_size=\u00bb32px\u00bb _builder_version=\u00bb4.0.6&#8243; header_font=\u00bbJosefin Sans|700||on|||||\u00bb header_text_align=\u00bbcenter\u00bb body_font=\u00bbOpen Sans||||||||\u00bb body_text_align=\u00bbcenter\u00bb body_font_size=\u00bb18px\u00bb animation_style=\u00bbfold\u00bb animation_direction=\u00bbleft\u00bb animation_delay=\u00bb200ms\u00bb animation_intensity_fold=\u00bb20%\u00bb global_colors_info=\u00bb{}\u00bb]<\/p>\n<p>(1) 847 2844 &#8211; 45 &#8211; (+57) 3107864013<\/p>\n<p>[\/et_pb_blurb][\/et_pb_column][et_pb_column type=\u00bb1_3&#8243; _builder_version=\u00bb3.25&#8243; custom_padding=\u00bb|||\u00bb global_colors_info=\u00bb{}\u00bb custom_padding__hover=\u00bb|||\u00bb][et_pb_blurb title=\u00bbEMAIL\u00bb use_icon=\u00bbon\u00bb font_icon=\u00bb%%238%%\u00bb icon_color=\u00bb#e02b20&#8243; use_icon_font_size=\u00bbon\u00bb icon_font_size=\u00bb32px\u00bb _builder_version=\u00bb4.0.6&#8243; header_font=\u00bbJosefin Sans|700||on|||||\u00bb header_text_align=\u00bbcenter\u00bb body_font=\u00bbOpen Sans||||||||\u00bb body_text_align=\u00bbcenter\u00bb body_font_size=\u00bb18px\u00bb animation_style=\u00bbfold\u00bb animation_direction=\u00bbleft\u00bb animation_delay=\u00bb200ms\u00bb animation_intensity_fold=\u00bb20%\u00bb global_colors_info=\u00bb{}\u00bb]<\/p>\n<p>intergas@intergas.com.co<\/p>\n<p>[\/et_pb_blurb][\/et_pb_column][\/et_pb_row][\/et_pb_section]<\/p>\n","protected":false},"excerpt":{"rendered":"<p>Procedimiento de Vinculaci\u00f3n o Acceso al servicio p\u00fablico domiciliario de gas GLPINTERGASProceso de vinculaci\u00f3n o acceso al servicio p\u00fablico domiciliario de gas GLP Procedimiento de vinculaci\u00f3n o acceso al servicio p\u00fablico domiciliario de GLP en cilindros y tanques estacionarios. Mediante llamada telef\u00f3nica\u00a0 al celular No.\u00a0 310 7864013, o l\u00edneas fijas: 8472844\/45, sitio web www.intergas.com.co, estaremos [&hellip;]<\/p>\n","protected":false},"author":1,"featured_media":0,"parent":0,"menu_order":0,"comment_status":"closed","ping_status":"closed","template":"","meta":{"_et_pb_use_builder":"on","_et_pb_old_content":"","_et_gb_content_width":"","footnotes":""},"class_list":["post-190","page","type-page","status-publish","hentry"],"yoast_head":"<!-- This site is optimized with the Yoast SEO plugin v27.4 - https:\/\/yoast.com\/product\/yoast-seo-wordpress\/ -->\n<title>Acceso al servicio p\u00fablico domiciliario de gas GLP - INTERGAS S.A ESP<\/title>\n<meta name=\"robots\" content=\"index, follow, max-snippet:-1, max-image-preview:large, max-video-preview:-1\" \/>\n<link rel=\"canonical\" href=\"https:\/\/intergas.com.co\/index.php\/procedimiento-de-vinculacion-o-acceso-al-servicio-publico-domiciliario-de-gas-glp\/\" \/>\n<meta property=\"og:locale\" content=\"es_ES\" \/>\n<meta property=\"og:type\" content=\"article\" \/>\n<meta property=\"og:title\" content=\"Acceso al servicio p\u00fablico domiciliario de gas GLP - INTERGAS S.A ESP\" \/>\n<meta property=\"og:description\" content=\"Procedimiento de Vinculaci\u00f3n o Acceso al servicio p\u00fablico domiciliario de gas GLPINTERGASProceso de vinculaci\u00f3n o acceso al servicio p\u00fablico domiciliario de gas GLP Procedimiento de vinculaci\u00f3n o acceso al servicio p\u00fablico domiciliario de GLP en cilindros y tanques estacionarios. Mediante llamada telef\u00f3nica\u00a0 al celular No.\u00a0 310 7864013, o l\u00edneas fijas: 8472844\/45, sitio web www.intergas.com.co, estaremos [&hellip;]\" \/>\n<meta property=\"og:url\" content=\"https:\/\/intergas.com.co\/index.php\/procedimiento-de-vinculacion-o-acceso-al-servicio-publico-domiciliario-de-gas-glp\/\" \/>\n<meta property=\"og:site_name\" content=\"INTERGAS S.A ESP\" \/>\n<meta property=\"article:modified_time\" content=\"2024-02-19T23:46:22+00:00\" \/>\n<meta name=\"twitter:card\" content=\"summary_large_image\" \/>\n<meta name=\"twitter:label1\" content=\"Tiempo de lectura\" \/>\n\t<meta name=\"twitter:data1\" content=\"7 minutos\" \/>\n<script type=\"application\/ld+json\" class=\"yoast-schema-graph\">{\"@context\":\"https:\\\/\\\/schema.org\",\"@graph\":[{\"@type\":\"WebPage\",\"@id\":\"https:\\\/\\\/intergas.com.co\\\/index.php\\\/procedimiento-de-vinculacion-o-acceso-al-servicio-publico-domiciliario-de-gas-glp\\\/\",\"url\":\"https:\\\/\\\/intergas.com.co\\\/index.php\\\/procedimiento-de-vinculacion-o-acceso-al-servicio-publico-domiciliario-de-gas-glp\\\/\",\"name\":\"Acceso al servicio p\u00fablico domiciliario de gas GLP - INTERGAS S.A ESP\",\"isPartOf\":{\"@id\":\"https:\\\/\\\/intergas.com.co\\\/#website\"},\"datePublished\":\"2020-05-07T16:10:00+00:00\",\"dateModified\":\"2024-02-19T23:46:22+00:00\",\"breadcrumb\":{\"@id\":\"https:\\\/\\\/intergas.com.co\\\/index.php\\\/procedimiento-de-vinculacion-o-acceso-al-servicio-publico-domiciliario-de-gas-glp\\\/#breadcrumb\"},\"inLanguage\":\"es\",\"potentialAction\":[{\"@type\":\"ReadAction\",\"target\":[\"https:\\\/\\\/intergas.com.co\\\/index.php\\\/procedimiento-de-vinculacion-o-acceso-al-servicio-publico-domiciliario-de-gas-glp\\\/\"]}]},{\"@type\":\"BreadcrumbList\",\"@id\":\"https:\\\/\\\/intergas.com.co\\\/index.php\\\/procedimiento-de-vinculacion-o-acceso-al-servicio-publico-domiciliario-de-gas-glp\\\/#breadcrumb\",\"itemListElement\":[{\"@type\":\"ListItem\",\"position\":1,\"name\":\"Portada\",\"item\":\"https:\\\/\\\/intergas.com.co\\\/\"},{\"@type\":\"ListItem\",\"position\":2,\"name\":\"Acceso al servicio p\u00fablico domiciliario de gas GLP\"}]},{\"@type\":\"WebSite\",\"@id\":\"https:\\\/\\\/intergas.com.co\\\/#website\",\"url\":\"https:\\\/\\\/intergas.com.co\\\/\",\"name\":\"INTERGAS S.A ESP\",\"description\":\"Comercializaci\u00f3n y distribuci\u00f3n de  \u201cGas Propano\u201d GLP Gas Licuado del Petr\u00f3leo\",\"potentialAction\":[{\"@type\":\"SearchAction\",\"target\":{\"@type\":\"EntryPoint\",\"urlTemplate\":\"https:\\\/\\\/intergas.com.co\\\/?s={search_term_string}\"},\"query-input\":{\"@type\":\"PropertyValueSpecification\",\"valueRequired\":true,\"valueName\":\"search_term_string\"}}],\"inLanguage\":\"es\"}]}<\/script>\n<!-- \/ Yoast SEO plugin. -->","yoast_head_json":{"title":"Acceso al servicio p\u00fablico domiciliario de gas GLP - INTERGAS S.A ESP","robots":{"index":"index","follow":"follow","max-snippet":"max-snippet:-1","max-image-preview":"max-image-preview:large","max-video-preview":"max-video-preview:-1"},"canonical":"https:\/\/intergas.com.co\/index.php\/procedimiento-de-vinculacion-o-acceso-al-servicio-publico-domiciliario-de-gas-glp\/","og_locale":"es_ES","og_type":"article","og_title":"Acceso al servicio p\u00fablico domiciliario de gas GLP - INTERGAS S.A ESP","og_description":"Procedimiento de Vinculaci\u00f3n o Acceso al servicio p\u00fablico domiciliario de gas GLPINTERGASProceso de vinculaci\u00f3n o acceso al servicio p\u00fablico domiciliario de gas GLP Procedimiento de vinculaci\u00f3n o acceso al servicio p\u00fablico domiciliario de GLP en cilindros y tanques estacionarios. Mediante llamada telef\u00f3nica\u00a0 al celular No.\u00a0 310 7864013, o l\u00edneas fijas: 8472844\/45, sitio web www.intergas.com.co, estaremos [&hellip;]","og_url":"https:\/\/intergas.com.co\/index.php\/procedimiento-de-vinculacion-o-acceso-al-servicio-publico-domiciliario-de-gas-glp\/","og_site_name":"INTERGAS S.A ESP","article_modified_time":"2024-02-19T23:46:22+00:00","twitter_card":"summary_large_image","twitter_misc":{"Tiempo de lectura":"7 minutos"},"schema":{"@context":"https:\/\/schema.org","@graph":[{"@type":"WebPage","@id":"https:\/\/intergas.com.co\/index.php\/procedimiento-de-vinculacion-o-acceso-al-servicio-publico-domiciliario-de-gas-glp\/","url":"https:\/\/intergas.com.co\/index.php\/procedimiento-de-vinculacion-o-acceso-al-servicio-publico-domiciliario-de-gas-glp\/","name":"Acceso al servicio p\u00fablico domiciliario de gas GLP - INTERGAS S.A ESP","isPartOf":{"@id":"https:\/\/intergas.com.co\/#website"},"datePublished":"2020-05-07T16:10:00+00:00","dateModified":"2024-02-19T23:46:22+00:00","breadcrumb":{"@id":"https:\/\/intergas.com.co\/index.php\/procedimiento-de-vinculacion-o-acceso-al-servicio-publico-domiciliario-de-gas-glp\/#breadcrumb"},"inLanguage":"es","potentialAction":[{"@type":"ReadAction","target":["https:\/\/intergas.com.co\/index.php\/procedimiento-de-vinculacion-o-acceso-al-servicio-publico-domiciliario-de-gas-glp\/"]}]},{"@type":"BreadcrumbList","@id":"https:\/\/intergas.com.co\/index.php\/procedimiento-de-vinculacion-o-acceso-al-servicio-publico-domiciliario-de-gas-glp\/#breadcrumb","itemListElement":[{"@type":"ListItem","position":1,"name":"Portada","item":"https:\/\/intergas.com.co\/"},{"@type":"ListItem","position":2,"name":"Acceso al servicio p\u00fablico domiciliario de gas GLP"}]},{"@type":"WebSite","@id":"https:\/\/intergas.com.co\/#website","url":"https:\/\/intergas.com.co\/","name":"INTERGAS S.A ESP","description":"Comercializaci\u00f3n y distribuci\u00f3n de  \u201cGas Propano\u201d GLP Gas Licuado del Petr\u00f3leo","potentialAction":[{"@type":"SearchAction","target":{"@type":"EntryPoint","urlTemplate":"https:\/\/intergas.com.co\/?s={search_term_string}"},"query-input":{"@type":"PropertyValueSpecification","valueRequired":true,"valueName":"search_term_string"}}],"inLanguage":"es"}]}},"_links":{"self":[{"href":"https:\/\/intergas.com.co\/index.php\/wp-json\/wp\/v2\/pages\/190"}],"collection":[{"href":"https:\/\/intergas.com.co\/index.php\/wp-json\/wp\/v2\/pages"}],"about":[{"href":"https:\/\/intergas.com.co\/index.php\/wp-json\/wp\/v2\/types\/page"}],"author":[{"embeddable":true,"href":"https:\/\/intergas.com.co\/index.php\/wp-json\/wp\/v2\/users\/1"}],"replies":[{"embeddable":true,"href":"https:\/\/intergas.com.co\/index.php\/wp-json\/wp\/v2\/comments?post=190"}],"version-history":[{"count":6,"href":"https:\/\/intergas.com.co\/index.php\/wp-json\/wp\/v2\/pages\/190\/revisions"}],"predecessor-version":[{"id":283,"href":"https:\/\/intergas.com.co\/index.php\/wp-json\/wp\/v2\/pages\/190\/revisions\/283"}],"wp:attachment":[{"href":"https:\/\/intergas.com.co\/index.php\/wp-json\/wp\/v2\/media?parent=190"}],"curies":[{"name":"wp","href":"https:\/\/api.w.org\/{rel}","templated":true}]}}